{"id":151,"date":"2021-06-13T21:29:57","date_gmt":"2021-06-13T19:29:57","guid":{"rendered":"https:\/\/ayntl.com\/?page_id=151"},"modified":"2024-01-18T18:16:14","modified_gmt":"2024-01-18T17:16:14","slug":"bienvenue-a-ayntl-all-you-need-to-lead","status":"publish","type":"page","link":"https:\/\/ayntl.com\/","title":{"rendered":"Bienvenue sur AYNTL &#8211; All You Need To Lead"},"content":{"rendered":"\n<h3 class=\"wp-block-heading has-text-align-center has-medium-font-size\">Au service des professionnels ambitieux qui veulent acc\u00e9l\u00e9rer leur d\u00e9veloppement<\/h3>\n\n\n\n<blockquote class=\"wp-block-quote is-style-default has-medium-font-size\">\n<p>La chance sourit aux gens bien pr\u00e9par\u00e9s; le succ\u00e8s professionnel aussi !<\/p>\n<cite>Ja\u00e2far TABI<\/cite><\/blockquote>\n\n\n\n<p>Et rien de mieux, pour bien se pr\u00e9parer, que d&rsquo;investir dans son d\u00e9veloppement.<\/p>\n\n\n\n<p>AYNTL &#8211; All You Need To Lead a pour vocation d&rsquo;aider les professionnels qui veulent investir en eux-m\u00eame pour:<\/p>\n\n\n\n<ul>\n<li>D\u00e9velopper les comp\u00e9tences (\u00ab\u00a0soft\u00a0\u00bb) qui les aideront dans leur poste<\/li>\n\n\n\n<li><span style=\"font-family: -apple-system, BlinkMacSystemFont, &quot;Segoe UI&quot;, Roboto, Oxygen-Sans, Ubuntu, Cantarell, &quot;Helvetica Neue&quot;, sans-serif;\">Trouver les cl\u00e9s pour acc\u00e9der \u00e0 plus de responsabilit\u00e9s et r\u00e9ussir dans leur nouvelle mission<\/span><\/li>\n\n\n\n<li>S&rsquo;\u00e9panouir plus au travail, et quand c&rsquo;est n\u00e9cessaire, revoir ses priorit\u00e9s professionnelles<\/li>\n\n\n\n<li>Communiquer plus efficacement et inspirer leur audience<\/li>\n<\/ul>\n\n\n\n<div style=\"height:16px\" aria-hidden=\"true\" class=\"wp-block-spacer\"><\/div>\n\n\n\n<h2 class=\"wp-block-heading\">Ce que vous gagnerez:<\/h2>\n\n\n<div class=\"oxi-addons-container \">        <div class=\"oxilab-flip-box-wrapper\">\r\n                                <div class=\"oxilab-flip-box-col-3 oxilab-flip-box-padding-5\" \r\n                         sa-data-animation=\"\"\r\n                         sa-data-animation-offset=\"100%\"\r\n                         sa-data-animation-delay=\"0ms\"\r\n                         sa-data-animation-duration=\" 2000ms\"\r\n                         >\r\n                        <div class=\" oxilab-flip-box-body-5 oxilab-flip-box-body-5-12\">\r\n                                                        <div class=\"oxilab-flip-box-body-absulote\">\r\n                                <div class=\"oxilab-flip-box-flip oxilab-flip-box-flip-top-to-bottom\">\r\n                                    <div class=\"oxilab-flip-box-style-data easing_easeOutBack\">\r\n                                        <div class=\"oxilab-flip-box-style\">\r\n                                            <div class=\"oxilab-flip-box-front\">\r\n                                                <div class=\"oxilab-flip-box-5\">\r\n                                                    <div class=\"oxilab-flip-box-5-data\">  \r\n                                                        <div class=\"oxilab-heading\">\r\n                                                            Leadership                                                        <\/div>\r\n                                                        <div class=\"oxilab-info\">\r\n                                                            Trouvez les cl\u00e9s pour progresser plus vite                                                        <\/div>\r\n                                                        <div class=\"oxilab-icon\">\r\n                                                            <div class=\"oxilab-icon-data\">\r\n                                                                <i class=\"fas fa-key oxi-icons\"><\/i>                                                            <\/div>\r\n                                                        <\/div>\r\n\r\n                                                    <\/div>\r\n                                                <\/div>\r\n                                            <\/div>\r\n                                            <div class=\"oxilab-flip-box-back\">\r\n                                                <div class=\"oxilab-flip-box-back-5\">\r\n                                                    <div class=\"oxilab-flip-box-back-5-data\">                                           \r\n                                                        <div class=\"oxilab-info\">\r\n                                                            Support d&apos;un coach certifi\u00e9 et cadre dirigeant                                                        <\/div>\r\n                                                        <a href=\"index.php\/coaching\/\" target=\"\"><div class=\"oxilab-button\">\r\n                                                                    <div class=\"oxilab-button-data\">\r\n                                                                    Coaching\r\n                                                                    <\/div>\r\n                                                                <\/div><\/a>\r\n                                                    <\/div>\r\n                                                <\/div>\r\n                                            <\/div>\r\n                                        <\/div>\r\n                                    <\/div>\r\n                                <\/div>\r\n                            <\/div>\r\n                            \r\n                        <\/div>\r\n\r\n                        <style>\r\n                .oxilab-flip-box-body-5-12 .oxilab-flip-box-5{\r\nbackground: linear-gradient(rgba(0, 130, 181, 1), rgba(0, 130, 181, 1)), url(\"https:\/\/ayntl.com\/wp-content\/uploads\/2021\/05\/image-coaching-1.001-1.jpeg\");\r\n-moz-background-size: 100% 100%;\r\n-o-background-size: 100% 100%;\r\nbackground-size: 100% 100%;\r\n}           \r\n                        <\/style>\r\n                    <\/div>\r\n                                        <div class=\"oxilab-flip-box-col-3 oxilab-flip-box-padding-5\" \r\n                         sa-data-animation=\"\"\r\n                         sa-data-animation-offset=\"100%\"\r\n                         sa-data-animation-delay=\"0ms\"\r\n                         sa-data-animation-duration=\" 2000ms\"\r\n                         >\r\n                        <div class=\" oxilab-flip-box-body-5 oxilab-flip-box-body-5-13\">\r\n                                                        <div class=\"oxilab-flip-box-body-absulote\">\r\n                                <div class=\"oxilab-flip-box-flip oxilab-flip-box-flip-top-to-bottom\">\r\n                                    <div class=\"oxilab-flip-box-style-data easing_easeOutBack\">\r\n                                        <div class=\"oxilab-flip-box-style\">\r\n                                            <div class=\"oxilab-flip-box-front\">\r\n                                                <div class=\"oxilab-flip-box-5\">\r\n                                                    <div class=\"oxilab-flip-box-5-data\">  \r\n                                                        <div class=\"oxilab-heading\">\r\n                                                            D\u00e9veloppement personnel                                                        <\/div>\r\n                                                        <div class=\"oxilab-info\">\r\n                                                            D\u00e9veloppez vos \"soft skills\" et prenez des habitudes gagnantes                                                        <\/div>\r\n                                                        <div class=\"oxilab-icon\">\r\n                                                            <div class=\"oxilab-icon-data\">\r\n                                                                <i class=\"fas fa-bullseye oxi-icons\"><\/i>                                                            <\/div>\r\n                                                        <\/div>\r\n\r\n                                                    <\/div>\r\n                                                <\/div>\r\n                                            <\/div>\r\n                                            <div class=\"oxilab-flip-box-back\">\r\n                                                <div class=\"oxilab-flip-box-back-5\">\r\n                                                    <div class=\"oxilab-flip-box-back-5-data\">                                           \r\n                                                        <div class=\"oxilab-info\">\r\n                                                            Formation en ligne \"Boost your career\"                                                        <\/div>\r\n                                                        <a href=\"https:\/\/ayntl.thinkific.com\/courses\/boost-your-career\" target=\"\"><div class=\"oxilab-button\">\r\n                                                                    <div class=\"oxilab-button-data\">\r\n                                                                    Formation\r\n                                                                    <\/div>\r\n                                                                <\/div><\/a>\r\n                                                    <\/div>\r\n                                                <\/div>\r\n                                            <\/div>\r\n                                        <\/div>\r\n                                    <\/div>\r\n                                <\/div>\r\n                            <\/div>\r\n                            \r\n                        <\/div>\r\n\r\n                        <style>\r\n                           \r\n                        <\/style>\r\n                    <\/div>\r\n                                        <div class=\"oxilab-flip-box-col-3 oxilab-flip-box-padding-5\" \r\n                         sa-data-animation=\"\"\r\n                         sa-data-animation-offset=\"100%\"\r\n                         sa-data-animation-delay=\"0ms\"\r\n                         sa-data-animation-duration=\" 2000ms\"\r\n                         >\r\n                        <div class=\" oxilab-flip-box-body-5 oxilab-flip-box-body-5-14\">\r\n                                                        <div class=\"oxilab-flip-box-body-absulote\">\r\n                                <div class=\"oxilab-flip-box-flip oxilab-flip-box-flip-top-to-bottom\">\r\n                                    <div class=\"oxilab-flip-box-style-data easing_easeOutBack\">\r\n                                        <div class=\"oxilab-flip-box-style\">\r\n                                            <div class=\"oxilab-flip-box-front\">\r\n                                                <div class=\"oxilab-flip-box-5\">\r\n                                                    <div class=\"oxilab-flip-box-5-data\">  \r\n                                                        <div class=\"oxilab-heading\">\r\n                                                            Prise de parole                                                        <\/div>\r\n                                                        <div class=\"oxilab-info\">\r\n                                                            Inspirez votre audience                                                        <\/div>\r\n                                                        <div class=\"oxilab-icon\">\r\n                                                            <div class=\"oxilab-icon-data\">\r\n                                                                <i class=\"fas fa-microphone oxi-icons\"><\/i>                                                            <\/div>\r\n                                                        <\/div>\r\n\r\n                                                    <\/div>\r\n                                                <\/div>\r\n                                            <\/div>\r\n                                            <div class=\"oxilab-flip-box-back\">\r\n                                                <div class=\"oxilab-flip-box-back-5\">\r\n                                                    <div class=\"oxilab-flip-box-back-5-data\">                                           \r\n                                                        <div class=\"oxilab-info\">\r\n                                                            Coaching par le champion de France d&apos;\u00e9loquence                                                        <\/div>\r\n                                                        <a href=\"index.php\/contact\/\" target=\"\"><div class=\"oxilab-button\">\r\n                                                                    <div class=\"oxilab-button-data\">\r\n                                                                    Contactez Moi\r\n                                                                    <\/div>\r\n                                                                <\/div><\/a>\r\n                                                    <\/div>\r\n                                                <\/div>\r\n                                            <\/div>\r\n                                        <\/div>\r\n                                    <\/div>\r\n                                <\/div>\r\n                            <\/div>\r\n                            \r\n                        <\/div>\r\n\r\n                        <style>\r\n                           \r\n                        <\/style>\r\n                    <\/div>\r\n                    \r\n            <style>\r\n                .oxilab-flip-box-padding-5{\r\n                    padding: 10px 10px;\r\n                    -webkit-transition:  opacity 2s linear;\r\n                    -moz-transition:  opacity 2s linear;\r\n                    -ms-transition:  opacity 2s linear;\r\n                    -o-transition:  opacity 2s linear;\r\n                    transition:  opacity 2s linear;\r\n                    -webkit-animation-duration: 2s;\r\n                    -moz-animation-duration: 2s;\r\n                    -ms-animation-duration: 2s;\r\n                    -o-animation-duration: 2s;\r\n                    animation-duration: 2s;\r\n                }\r\n                .oxilab-flip-box-body-5{\r\n                    max-width: 280px;\r\n                    width: 100%;\r\n                    margin: 0 auto;\r\n                    position: relative;   \r\n                }\r\n                .oxilab-flip-box-body-5:after {\r\n                    padding-bottom: 107.14285714286%;\r\n                    content: \"\";\r\n                    display: block;\r\n                }\r\n                .oxilab-flip-box-5{\r\n                    position: absolute;\r\n                    top: 0;\r\n                    left: 0;\r\n                    right: 0;\r\n                    bottom: 0;\r\n                    display: block;\r\n                    background-color: rgba(0, 130, 181, 1);\r\n                    -webkit-border-radius: 5px;\r\n                    -moz-border-radius: 5px;\r\n                    -ms-border-radius: 5px;\r\n                    -o-border-radius: 5px;\r\n                    border-radius: 5px; \r\n                    -webkit-box-shadow: 0px 0px 5px 0px rgba(237, 220, 220, 1);\r\n                    -moz-box-shadow: 0px 0px 5px 0px rgba(237, 220, 220, 1);\r\n                    -ms-box-shadow: 0px 0px 5px 0px rgba(237, 220, 220, 1);\r\n                    -o-box-shadow: 0px 0px 5px 0px rgba(237, 220, 220, 1);\r\n                    box-shadow: 0px 0px 5px 0px rgba(237, 220, 220, 1);\r\n                    overflow: hidden;\r\n                }\r\n                .oxilab-flip-box-5-data{           \r\n                    position: absolute;\r\n                    left: 0%;\r\n                    top: 50%;            \r\n                    padding: 10px 10px;\r\n                    -webkit-transform: translateY(-50%);\r\n                    -ms-transform: translateY(-50%);\r\n                    -moz-transform: translateY(-50%);\r\n                    -o-transform: translateY(-50%);\r\n                    transform: translateY(-50%);\r\n                    right: 0;\r\n                }\r\n                .oxilab-flip-box-5-data .oxilab-icon{\r\n                    display: block;\r\n                    text-align: center; \r\n                    padding:10px 10px;\r\n                }\r\n                .oxilab-flip-box-5-data .oxilab-icon-data{\r\n                    display: inline-block;  \r\n                    width: 60px;\r\n                    height: 60px;\r\n                }\r\n                .oxilab-flip-box-5-data .oxilab-icon-data .oxi-icons{            \r\n                    line-height: 60px;\r\n                    font-size: 30px;   \r\n                    color: #ffffff;            \r\n                }\r\n                .oxilab-flip-box-5-data .oxilab-heading{\r\n                    display: block;               \r\n                    color: #ffffff;\r\n                    text-align: Center;            \r\n                    font-size: 22px;\r\n                    font-family: \"Open Sans\";\r\n                    font-weight: 600;\r\n                    font-style:normal;\r\n                    padding: 10px 10px 10px 10px;  \r\n                }\r\n                .oxilab-flip-box-5-data .oxilab-info{\r\n                    display: block;\r\n                    color: #ffffff;\r\n                    text-align: Center;            \r\n                    font-size: 16px;\r\n                    font-family: \"Open Sans\";\r\n                    font-weight: 300;\r\n                    font-style:normal;\r\n                    padding: 10px 10px 10px 10px; \r\n                }\r\n                .oxilab-flip-box-back-5{\r\n                    position: absolute;\r\n                    top: 0;\r\n                    left: 0;\r\n                    right: 0;\r\n                    bottom: 0;\r\n                    display: block;\r\n                    background-color: rgba(255, 255, 255, 1);\r\n                    -webkit-border-radius: 5px;\r\n                    -moz-border-radius: 5px;\r\n                    -ms-border-radius: 5px;\r\n                    -o-border-radius: 5px;\r\n                    border-radius: 5px;\r\n                    overflow: hidden;\r\n                    -webkit-box-shadow: 0px 0px 5px 0px rgba(237, 220, 220, 1);\r\n                    -moz-box-shadow: 0px 0px 5px 0px rgba(237, 220, 220, 1);\r\n                    -ms-box-shadow: 0px 0px 5px 0px rgba(237, 220, 220, 1);\r\n                    -o-box-shadow: 0px 0px 5px 0px rgba(237, 220, 220, 1);\r\n                    box-shadow: 0px 0px 5px 0px rgba(237, 220, 220, 1);\r\n\r\n                }\r\n                .oxilab-flip-box-back-5-data{           \r\n                    position: absolute;\r\n                    left: 0%;\r\n                    right: 0;\r\n                    top: 50%;            \r\n                    padding: 8px 8px;\r\n                    -webkit-transform: translateY(-50%);\r\n                    -ms-transform: translateY(-50%);\r\n                    -moz-transform: translateY(-50%);\r\n                    -o-transform: translateY(-50%);\r\n                    transform: translateY(-50%);           \r\n                }       \r\n                .oxilab-flip-box-back-5-data .oxilab-info{\r\n                    display: block;\r\n                    color:  #0082b5;\r\n                    text-align: Center;  \r\n                    font-size: 16px;          \r\n                    font-family: \"Open Sans\";\r\n                    font-weight: 300;\r\n                    font-style:normal;\r\n                    padding:8px 8px 8px 8px;           \r\n                }\r\n                .oxilab-flip-box-back-5-data .oxilab-button{\r\n                    display: block;\r\n                    text-align: Center; \r\n                    padding: 8px 10px 8px 10px;  \r\n                }\r\n                .oxilab-flip-box-back-5-data .oxilab-button-data{\r\n                    display: inline-block;     \r\n                    color: #3b3b3b;            \r\n                    font-size: 14px;\r\n                    font-family: \"Open Sans\";\r\n                    font-weight: 300;\r\n                    font-style:normal;\r\n                    padding: 10px 20px;  \r\n                }\r\n                .oxilab-flip-box-back-5-data .oxilab-button-data:hover{\r\n                    color:  #0082b5;\r\n                }\r\n                ;\r\n            <\/style>\r\n        <\/div>\r\n        <\/div>\n\n\n\n<blockquote class=\"wp-block-quote is-style-default has-medium-font-size\">\n<p><strong>Tout le monde peut avoir une carri\u00e8re exceptionnelle<\/strong><em>, \u00e0 condition de savoir comment s&rsquo;y prendre et faire le n\u00e9cessaire.<\/em><\/p>\n<cite>Ja\u00e2far TABI<\/cite><\/blockquote>\n\n\n\n<ul class=\"wp-block-social-links is-layout-flex wp-block-social-links-is-layout-flex\"><li class=\"wp-social-link wp-social-link-linkedin  wp-block-social-link\"><a href=\"https:\/\/www.linkedin.com\/in\/jaafar-tabi\/\" class=\"wp-block-social-link-anchor\"><svg width=\"24\" height=\"24\" viewBox=\"0 0 24 24\" version=\"1.1\" xmlns=\"http:\/\/www.w3.org\/2000\/svg\" aria-hidden=\"true\" focusable=\"false\"><path d=\"M19.7,3H4.3C3.582,3,3,3.582,3,4.3v15.4C3,20.418,3.582,21,4.3,21h15.4c0.718,0,1.3-0.582,1.3-1.3V4.3 C21,3.582,20.418,3,19.7,3z M8.339,18.338H5.667v-8.59h2.672V18.338z M7.004,8.574c-0.857,0-1.549-0.694-1.549-1.548 c0-0.855,0.691-1.548,1.549-1.548c0.854,0,1.547,0.694,1.547,1.548C8.551,7.881,7.858,8.574,7.004,8.574z M18.339,18.338h-2.669 v-4.177c0-0.996-0.017-2.278-1.387-2.278c-1.389,0-1.601,1.086-1.601,2.206v4.249h-2.667v-8.59h2.559v1.174h0.037 c0.356-0.675,1.227-1.387,2.526-1.387c2.703,0,3.203,1.779,3.203,4.092V18.338z\"><\/path><\/svg><span class=\"wp-block-social-link-label screen-reader-text\">Profil LinkedIn<\/span><\/a><\/li>\n\n<li class=\"wp-social-link wp-social-link-mail  wp-block-social-link\"><a href=\"mailto:jaafar.tabi@gmail.com\" class=\"wp-block-social-link-anchor\"><svg width=\"24\" height=\"24\" viewBox=\"0 0 24 24\" version=\"1.1\" xmlns=\"http:\/\/www.w3.org\/2000\/svg\" aria-hidden=\"true\" focusable=\"false\"><path d=\"M19,5H5c-1.1,0-2,.9-2,2v10c0,1.1.9,2,2,2h14c1.1,0,2-.9,2-2V7c0-1.1-.9-2-2-2zm.5,12c0,.3-.2.5-.5.5H5c-.3,0-.5-.2-.5-.5V9.8l7.5,5.6,7.5-5.6V17zm0-9.1L12,13.6,4.5,7.9V7c0-.3.2-.5.5-.5h14c.3,0,.5.2.5.5v.9z\"><\/path><\/svg><span class=\"wp-block-social-link-label screen-reader-text\">Adresse mail<\/span><\/a><\/li>\n\n<li class=\"wp-social-link wp-social-link-youtube  wp-block-social-link\"><a href=\"https:\/\/www.youtube.com\/channel\/UCPuQqXuqaSLx7hgQVH-S2Sg\" class=\"wp-block-social-link-anchor\"><svg width=\"24\" height=\"24\" viewBox=\"0 0 24 24\" version=\"1.1\" xmlns=\"http:\/\/www.w3.org\/2000\/svg\" aria-hidden=\"true\" focusable=\"false\"><path d=\"M21.8,8.001c0,0-0.195-1.378-0.795-1.985c-0.76-0.797-1.613-0.801-2.004-0.847c-2.799-0.202-6.997-0.202-6.997-0.202 h-0.009c0,0-4.198,0-6.997,0.202C4.608,5.216,3.756,5.22,2.995,6.016C2.395,6.623,2.2,8.001,2.2,8.001S2,9.62,2,11.238v1.517 c0,1.618,0.2,3.237,0.2,3.237s0.195,1.378,0.795,1.985c0.761,0.797,1.76,0.771,2.205,0.855c1.6,0.153,6.8,0.201,6.8,0.201 s4.203-0.006,7.001-0.209c0.391-0.047,1.243-0.051,2.004-0.847c0.6-0.607,0.795-1.985,0.795-1.985s0.2-1.618,0.2-3.237v-1.517 C22,9.62,21.8,8.001,21.8,8.001z M9.935,14.594l-0.001-5.62l5.404,2.82L9.935,14.594z\"><\/path><\/svg><span class=\"wp-block-social-link-label screen-reader-text\">Cha\u00eene YouTube AYNTL<\/span><\/a><\/li><\/ul>\n","protected":false},"excerpt":{"rendered":"<p>Au service des professionnels ambitieux qui veulent acc\u00e9l\u00e9rer leur d\u00e9veloppement La chance sourit aux gens bien pr\u00e9par\u00e9s; le succ\u00e8s professionnel aussi ! Ja\u00e2far TABI Et rien de mieux, pour bien se pr\u00e9parer, que d&rsquo;investir dans son d\u00e9veloppement. AYNTL &#8211; All You Need To Lead a pour vocation d&rsquo;aider les professionnels qui veulent investir en eux-m\u00eame [&hellip;]<\/p>\n","protected":false},"author":1,"featured_media":0,"parent":0,"menu_order":0,"comment_status":"closed","ping_status":"closed","template":"","meta":{"footnotes":""},"_links":{"self":[{"href":"https:\/\/ayntl.com\/index.php\/wp-json\/wp\/v2\/pages\/151"}],"collection":[{"href":"https:\/\/ayntl.com\/index.php\/wp-json\/wp\/v2\/pages"}],"about":[{"href":"https:\/\/ayntl.com\/index.php\/wp-json\/wp\/v2\/types\/page"}],"author":[{"embeddable":true,"href":"https:\/\/ayntl.com\/index.php\/wp-json\/wp\/v2\/users\/1"}],"replies":[{"embeddable":true,"href":"https:\/\/ayntl.com\/index.php\/wp-json\/wp\/v2\/comments?post=151"}],"version-history":[{"count":7,"href":"https:\/\/ayntl.com\/index.php\/wp-json\/wp\/v2\/pages\/151\/revisions"}],"predecessor-version":[{"id":229,"href":"https:\/\/ayntl.com\/index.php\/wp-json\/wp\/v2\/pages\/151\/revisions\/229"}],"wp:attachment":[{"href":"https:\/\/ayntl.com\/index.php\/wp-json\/wp\/v2\/media?parent=151"}],"curies":[{"name":"wp","href":"https:\/\/api.w.org\/{rel}","templated":true}]}}