{"id":309,"date":"2024-05-06T18:43:29","date_gmt":"2024-05-06T16:43:29","guid":{"rendered":"https:\/\/ayntl.com\/?page_id=309"},"modified":"2024-05-06T18:50:03","modified_gmt":"2024-05-06T16:50:03","slug":"podcasts","status":"publish","type":"page","link":"https:\/\/ayntl.com\/index.php\/podcasts\/","title":{"rendered":"Podcast"},"content":{"rendered":"\n<div class=\"wp-block-media-text is-stacked-on-mobile\"><figure class=\"wp-block-media-text__media\"><img loading=\"lazy\" decoding=\"async\" width=\"1024\" height=\"576\" src=\"https:\/\/ayntl.com\/wp-content\/uploads\/2024\/05\/Miniature-podcast-Ep1-1024x576.jpg\" alt=\"\" class=\"wp-image-439 size-full\" srcset=\"https:\/\/ayntl.com\/wp-content\/uploads\/2024\/05\/Miniature-podcast-Ep1-1024x576.jpg 1024w, https:\/\/ayntl.com\/wp-content\/uploads\/2024\/05\/Miniature-podcast-Ep1-300x169.jpg 300w, https:\/\/ayntl.com\/wp-content\/uploads\/2024\/05\/Miniature-podcast-Ep1-768x432.jpg 768w, https:\/\/ayntl.com\/wp-content\/uploads\/2024\/05\/Miniature-podcast-Ep1-1536x864.jpg 1536w, https:\/\/ayntl.com\/wp-content\/uploads\/2024\/05\/Miniature-podcast-Ep1.jpg 2048w\" sizes=\"(max-width: 1024px) 100vw, 1024px\" \/><\/figure><div class=\"wp-block-media-text__content\">\n<p class=\"has-contrast-dark-color has-text-color has-link-color wp-elements-8b9614bda189c7ca1ee2e0dcd6f35b97\"><strong>#1 &#8211; Arnaud MAURY &#8211; MoOngy<\/strong><\/p>\n\n\n\n<p>Arnaud MAURY a dirig\u00e9 plus de 15000 personnes quand il \u00e9tait CEO d&rsquo;Altran France puis Cap Gemini Engineering. Il dirige actuellement un groupe d&rsquo;une quarantaine de soci\u00e9t\u00e9s et 9000 personnes. Il nous partage son parcours tr\u00e8s riche, d&rsquo;un premier stage qui ne se passe pas comme pr\u00e9vu \u00e0 ses derniers postes de dirigeant.<\/p>\n\n\n\n<div class=\"wp-block-kadence-advancedbtn kb-buttons-wrap kb-btns309_24e82a-20\"><a class=\"kb-button kt-button button kb-btn309_e96de6-94 kt-btn-size-standard kt-btn-width-type-auto kb-btn-global-outline kt-btn-has-text-true kt-btn-has-svg-true wp-block-kadence-singlebtn\" href=\"https:\/\/podcast.ausha.co\/ayntl\/Arnaud-Maury\"><span class=\"kb-svg-icon-wrap kb-svg-icon-fe_playCircle kt-btn-icon-side-left\"><svg viewBox=\"0 0 24 24\"  fill=\"none\" stroke=\"currentColor\" stroke-width=\"2\" stroke-linecap=\"round\" stroke-linejoin=\"round\" xmlns=\"http:\/\/www.w3.org\/2000\/svg\"  aria-hidden=\"true\"><circle cx=\"12\" cy=\"12\" r=\"10\"\/><polygon points=\"10 8 16 12 10 16 10 8\"\/><\/svg><\/span><span class=\"kt-btn-inner-text\">\u00c9couter l&rsquo;\u00e9pisode<\/span><\/a><\/div>\n<\/div><\/div>\n\n\n\n<div class=\"wp-block-kadence-spacer aligncenter kt-block-spacer-309_360245-9a\"><div class=\"kt-block-spacer kt-block-spacer-halign-center\"><hr class=\"kt-divider\"\/><\/div><\/div>\n\n\n<div class=\"wp-block-kadence-posts kb-posts kb-posts-id-309_a32bf8-17 content-wrap grid-cols kb-posts-style-boxed grid-sm-col-2 grid-lg-col-3 item-image-style-above\"><article class=\"entry content-bg loop-entry post-322 post type-post status-publish format-standard hentry category-podcast\">\n\t\t<div class=\"entry-content-wrap\">\n\t\t<header class=\"entry-header\">\n\t\t<div class=\"entry-taxonomies\">\n\t\t<span class=\"category-links term-links category-style-normal\">\n\t\t\t<a href=\"https:\/\/ayntl.com\/index.php\/category\/podcast\/\" rel=\"category tag\">Podcast<\/a>\t\t<\/span>\n\t<\/div><!-- .entry-taxonomies -->\n\t<h2 class=\"entry-title\"><a href=\"https:\/\/ayntl.com\/index.php\/2024\/05\/06\/arnaud-maury\/\" rel=\"bookmark\">Arnaud MAURY<\/a><\/h2><\/header><!-- .entry-header -->\n\t<div class=\"entry-summary\">\n\t\t<p>07.05.2024 #1 Arnaud MAURY Les meilleurs conseils de carri\u00e8re d&rsquo;un directeur g\u00e9n\u00e9ral Arnaud MAURY Arnaud MAURY [&hellip;]<\/p>\n\t<\/div><!-- .entry-summary -->\n\t<footer class=\"entry-footer\">\n\t\t\t<div class=\"entry-actions\">\n\t\t\t<p class=\"more-link-wrap\">\n\t\t\t\t<a href=\"https:\/\/ayntl.com\/index.php\/2024\/05\/06\/arnaud-maury\/\" class=\"post-more-link\">\n\t\t\t\t\tLire plus<span class=\"screen-reader-text\"> Arnaud MAURY<\/span><span class=\"kadence-svg-iconset svg-baseline\"><svg aria-hidden=\"true\" class=\"kadence-svg-icon kadence-arrow-right-alt-svg\" fill=\"currentColor\" version=\"1.1\" xmlns=\"http:\/\/www.w3.org\/2000\/svg\" width=\"27\" height=\"28\" viewBox=\"0 0 27 28\"><title>Continue<\/title><path d=\"M27 13.953c0 0.141-0.063 0.281-0.156 0.375l-6 5.531c-0.156 0.141-0.359 0.172-0.547 0.094-0.172-0.078-0.297-0.25-0.297-0.453v-3.5h-19.5c-0.281 0-0.5-0.219-0.5-0.5v-3c0-0.281 0.219-0.5 0.5-0.5h19.5v-3.5c0-0.203 0.109-0.375 0.297-0.453s0.391-0.047 0.547 0.078l6 5.469c0.094 0.094 0.156 0.219 0.156 0.359v0z\"><\/path>\n\t\t\t<\/svg><\/span>\t\t\t\t<\/a>\n\t\t\t<\/p>\n\t\t<\/div><!-- .entry-actions -->\n\t\t<\/footer><!-- .entry-footer -->\t<\/div>\n<\/article>\n<\/div>\n\n\n<p><\/p>\n","protected":false},"excerpt":{"rendered":"","protected":false},"author":2,"featured_media":0,"parent":0,"menu_order":0,"comment_status":"closed","ping_status":"closed","template":"","meta":{"footnotes":""},"_links":{"self":[{"href":"https:\/\/ayntl.com\/index.php\/wp-json\/wp\/v2\/pages\/309"}],"collection":[{"href":"https:\/\/ayntl.com\/index.php\/wp-json\/wp\/v2\/pages"}],"about":[{"href":"https:\/\/ayntl.com\/index.php\/wp-json\/wp\/v2\/types\/page"}],"author":[{"embeddable":true,"href":"https:\/\/ayntl.com\/index.php\/wp-json\/wp\/v2\/users\/2"}],"replies":[{"embeddable":true,"href":"https:\/\/ayntl.com\/index.php\/wp-json\/wp\/v2\/comments?post=309"}],"version-history":[{"count":16,"href":"https:\/\/ayntl.com\/index.php\/wp-json\/wp\/v2\/pages\/309\/revisions"}],"predecessor-version":[{"id":442,"href":"https:\/\/ayntl.com\/index.php\/wp-json\/wp\/v2\/pages\/309\/revisions\/442"}],"wp:attachment":[{"href":"https:\/\/ayntl.com\/index.php\/wp-json\/wp\/v2\/media?parent=309"}],"curies":[{"name":"wp","href":"https:\/\/api.w.org\/{rel}","templated":true}]}}